{"id":37,"date":"2021-04-07T19:32:26","date_gmt":"2021-04-07T17:32:26","guid":{"rendered":"http:\/\/www.stacjalodova.pl\/?page_id=37"},"modified":"2025-02-26T00:35:32","modified_gmt":"2025-02-25T23:35:32","slug":"strona-glowna","status":"publish","type":"page","link":"https:\/\/www.stacjalodova.pl\/","title":{"rendered":"O NAS"},"content":{"rendered":"\n<p>STACJA LODOVA to miejsce pe\u0142ne ciep\u0142a, gdzie ka\u017cdy znajdzie SMAK dla siebie. Idealne miejsce na urozmaicenie popo\u0142udnia z rodzin\u0105, a tak\u017ce z\u0142apanie oddechu po ca\u0142ym dniu w pracy. Nasz\u0105 lodziarni\u0119 stworzyli\u015bmy Z PASJI do dobrego smaku.<\/p>\n\n\n<div class=\"wp-block-image\">\n<figure class=\"aligncenter size-full\"><img loading=\"lazy\" decoding=\"async\" width=\"512\" height=\"512\" src=\"http:\/\/www.stacjalodova.pl\/wp-content\/uploads\/2025\/02\/cropped-jarooo_tbg-2-e1740524260551.png\" alt=\"\" class=\"wp-image-129\" srcset=\"https:\/\/www.stacjalodova.pl\/wp-content\/uploads\/2025\/02\/cropped-jarooo_tbg-2-e1740524260551.png 512w, https:\/\/www.stacjalodova.pl\/wp-content\/uploads\/2025\/02\/cropped-jarooo_tbg-2-e1740524260551-300x300.png 300w, https:\/\/www.stacjalodova.pl\/wp-content\/uploads\/2025\/02\/cropped-jarooo_tbg-2-e1740524260551-150x150.png 150w, https:\/\/www.stacjalodova.pl\/wp-content\/uploads\/2025\/02\/cropped-jarooo_tbg-2-e1740524260551-100x100.png 100w, https:\/\/www.stacjalodova.pl\/wp-content\/uploads\/2025\/02\/cropped-jarooo_tbg-2-e1740524260551-270x270.png 270w, https:\/\/www.stacjalodova.pl\/wp-content\/uploads\/2025\/02\/cropped-jarooo_tbg-2-e1740524260551-192x192.png 192w, https:\/\/www.stacjalodova.pl\/wp-content\/uploads\/2025\/02\/cropped-jarooo_tbg-2-e1740524260551-180x180.png 180w, https:\/\/www.stacjalodova.pl\/wp-content\/uploads\/2025\/02\/cropped-jarooo_tbg-2-e1740524260551-32x32.png 32w\" sizes=\"auto, (max-width: 512px) 100vw, 512px\" \/><\/figure><\/div>","protected":false},"excerpt":{"rendered":"<div class=\"entry-summary\">\nSTACJA LODOVA to miejsce pe\u0142ne ciep\u0142a, gdzie ka\u017cdy znajdzie SMAK dla siebie.&hellip;\n<\/div>\n<div class=\"link-more\"><a href=\"https:\/\/www.stacjalodova.pl\/\" class=\"more-link\">Continue reading<span class=\"screen-reader-text\"> &ldquo;O NAS&rdquo;<\/span>&hellip;<\/a><\/div>\n","protected":false},"author":1,"featured_media":0,"parent":0,"menu_order":0,"comment_status":"closed","ping_status":"closed","template":"","meta":{"footnotes":""},"class_list":["post-37","page","type-page","status-publish","hentry","entry"],"_links":{"self":[{"href":"https:\/\/www.stacjalodova.pl\/index.php\/wp-json\/wp\/v2\/pages\/37","targetHints":{"allow":["GET"]}}],"collection":[{"href":"https:\/\/www.stacjalodova.pl\/index.php\/wp-json\/wp\/v2\/pages"}],"about":[{"href":"https:\/\/www.stacjalodova.pl\/index.php\/wp-json\/wp\/v2\/types\/page"}],"author":[{"embeddable":true,"href":"https:\/\/www.stacjalodova.pl\/index.php\/wp-json\/wp\/v2\/users\/1"}],"replies":[{"embeddable":true,"href":"https:\/\/www.stacjalodova.pl\/index.php\/wp-json\/wp\/v2\/comments?post=37"}],"version-history":[{"count":4,"href":"https:\/\/www.stacjalodova.pl\/index.php\/wp-json\/wp\/v2\/pages\/37\/revisions"}],"predecessor-version":[{"id":143,"href":"https:\/\/www.stacjalodova.pl\/index.php\/wp-json\/wp\/v2\/pages\/37\/revisions\/143"}],"wp:attachment":[{"href":"https:\/\/www.stacjalodova.pl\/index.php\/wp-json\/wp\/v2\/media?parent=37"}],"curies":[{"name":"wp","href":"https:\/\/api.w.org\/{rel}","templated":true}]}}