{"id":38,"date":"2021-04-07T19:32:26","date_gmt":"2021-04-07T17:32:26","guid":{"rendered":"http:\/\/www.stacjalodova.pl\/?page_id=38"},"modified":"2025-02-26T00:38:17","modified_gmt":"2025-02-25T23:38:17","slug":"o-nas","status":"publish","type":"page","link":"https:\/\/www.stacjalodova.pl\/index.php\/o-nas\/","title":{"rendered":"STACJALODOVA"},"content":{"rendered":"\n<p>W naszej ofercie znajduj\u0105 si\u0119 LODY RZEMIE\u015aLNICZE, kt\u00f3re wyrabiamy samodzielnie w naszej lodziarnianej kuchni. Dzi\u0119ki czemu dostajecie gwarancj\u0119 \u015aWIE\u017bO\u015aCI. W ofercie mamy r\u00f3wnie\u017c chrupi\u0105ce GOFRY oraz aromatyczna KAWA.<\/p>\n\n\n<div class=\"wp-block-image\">\n<figure class=\"aligncenter size-large\"><img loading=\"lazy\" decoding=\"async\" width=\"768\" height=\"1024\" src=\"http:\/\/www.stacjalodova.pl\/wp-content\/uploads\/2021\/07\/lemoniada-768x1024.jpeg\" alt=\"\" class=\"wp-image-113\" srcset=\"https:\/\/www.stacjalodova.pl\/wp-content\/uploads\/2021\/07\/lemoniada-768x1024.jpeg 768w, https:\/\/www.stacjalodova.pl\/wp-content\/uploads\/2021\/07\/lemoniada-225x300.jpeg 225w, https:\/\/www.stacjalodova.pl\/wp-content\/uploads\/2021\/07\/lemoniada-1152x1536.jpeg 1152w, https:\/\/www.stacjalodova.pl\/wp-content\/uploads\/2021\/07\/lemoniada-1536x2048.jpeg 1536w, https:\/\/www.stacjalodova.pl\/wp-content\/uploads\/2021\/07\/lemoniada-scaled.jpeg 1920w\" sizes=\"auto, (max-width: 768px) 100vw, 768px\" \/><\/figure><\/div>\n\n<div class=\"wp-block-image\">\n<figure class=\"aligncenter size-large\"><img loading=\"lazy\" decoding=\"async\" width=\"768\" height=\"1024\" src=\"http:\/\/www.stacjalodova.pl\/wp-content\/uploads\/2021\/07\/peonie_lody-768x1024.jpeg\" alt=\"\" class=\"wp-image-115\" srcset=\"https:\/\/www.stacjalodova.pl\/wp-content\/uploads\/2021\/07\/peonie_lody-768x1024.jpeg 768w, https:\/\/www.stacjalodova.pl\/wp-content\/uploads\/2021\/07\/peonie_lody-225x300.jpeg 225w, https:\/\/www.stacjalodova.pl\/wp-content\/uploads\/2021\/07\/peonie_lody-1152x1536.jpeg 1152w, https:\/\/www.stacjalodova.pl\/wp-content\/uploads\/2021\/07\/peonie_lody-1536x2048.jpeg 1536w, https:\/\/www.stacjalodova.pl\/wp-content\/uploads\/2021\/07\/peonie_lody-scaled.jpeg 1920w\" sizes=\"auto, (max-width: 768px) 100vw, 768px\" \/><\/figure><\/div>","protected":false},"excerpt":{"rendered":"<div class=\"entry-summary\">\nW naszej ofercie znajduj\u0105 si\u0119 LODY RZEMIE\u015aLNICZE, kt\u00f3re wyrabiamy samodzielnie w naszej&hellip;\n<\/div>\n<div class=\"link-more\"><a href=\"https:\/\/www.stacjalodova.pl\/index.php\/o-nas\/\" class=\"more-link\">Continue reading<span class=\"screen-reader-text\"> &ldquo;STACJALODOVA&rdquo;<\/span>&hellip;<\/a><\/div>\n","protected":false},"author":1,"featured_media":43,"parent":0,"menu_order":0,"comment_status":"closed","ping_status":"closed","template":"","meta":{"footnotes":""},"class_list":["post-38","page","type-page","status-publish","has-post-thumbnail","hentry","entry"],"_links":{"self":[{"href":"https:\/\/www.stacjalodova.pl\/index.php\/wp-json\/wp\/v2\/pages\/38","targetHints":{"allow":["GET"]}}],"collection":[{"href":"https:\/\/www.stacjalodova.pl\/index.php\/wp-json\/wp\/v2\/pages"}],"about":[{"href":"https:\/\/www.stacjalodova.pl\/index.php\/wp-json\/wp\/v2\/types\/page"}],"author":[{"embeddable":true,"href":"https:\/\/www.stacjalodova.pl\/index.php\/wp-json\/wp\/v2\/users\/1"}],"replies":[{"embeddable":true,"href":"https:\/\/www.stacjalodova.pl\/index.php\/wp-json\/wp\/v2\/comments?post=38"}],"version-history":[{"count":7,"href":"https:\/\/www.stacjalodova.pl\/index.php\/wp-json\/wp\/v2\/pages\/38\/revisions"}],"predecessor-version":[{"id":145,"href":"https:\/\/www.stacjalodova.pl\/index.php\/wp-json\/wp\/v2\/pages\/38\/revisions\/145"}],"wp:featuredmedia":[{"embeddable":true,"href":"https:\/\/www.stacjalodova.pl\/index.php\/wp-json\/wp\/v2\/media\/43"}],"wp:attachment":[{"href":"https:\/\/www.stacjalodova.pl\/index.php\/wp-json\/wp\/v2\/media?parent=38"}],"curies":[{"name":"wp","href":"https:\/\/api.w.org\/{rel}","templated":true}]}}